{"id":2,"date":"2014-10-27T06:59:24","date_gmt":"2014-10-27T05:59:24","guid":{"rendered":"http:\/\/www.villa-imerli-location-corse.com\/location-saint-florent\/?page_id=2"},"modified":"2016-01-22T07:58:34","modified_gmt":"2016-01-22T06:58:34","slug":"accueil","status":"publish","type":"page","link":"https:\/\/www.villa-imerli-location-corse.com\/location-saint-florent\/","title":{"rendered":"Accueil"},"content":{"rendered":"<div class=\"shortcode-block-quote-center\" style=\"color:#999999; border-color: #999999;\">La Villa I Merli vous accueille dans son parc de 4500 m\u00b2, et son acc\u00e8s direct \u00e0 la mer.<\/div>\n<p>Vous arrivez par un chemin priv\u00e9, une place de parking vous est r\u00e9serv\u00e9e.<br \/>\nVous s\u00e9journez au calme dans un des trois appartements ind\u00e9pendants, confortables, cuisine \u00e9quip\u00e9e et terrasses am\u00e9nag\u00e9es avec vue sur le parc, la montagne et le golfe de Saint-Florent, village (tous commerces et loisirs) se trouvant \u00e0 2 mn \u00e0 pied.<\/p>\n<h5>Acc\u00e8s direct \u00e0 la mer<br \/>\nAppartements ind\u00e9pendants de 2 \u00e0 6 personnes<\/h5>\n<p><img loading=\"lazy\" decoding=\"async\" class=\"alignnone size-full wp-image-2587\" src=\"http:\/\/www.villa-imerli-location-corse.com\/location-saint-florent\/wp-content\/uploads\/2014\/10\/600.jpg\" alt=\"600\" width=\"600\" height=\"450\" srcset=\"https:\/\/www.villa-imerli-location-corse.com\/location-saint-florent\/wp-content\/uploads\/2014\/10\/600.jpg 600w, https:\/\/www.villa-imerli-location-corse.com\/location-saint-florent\/wp-content\/uploads\/2014\/10\/600-300x225.jpg 300w\" sizes=\"(max-width: 600px) 100vw, 600px\" \/><\/p>\n","protected":false},"excerpt":{"rendered":"<p>Vous arrivez par un chemin priv\u00e9, une place de parking vous est r\u00e9serv\u00e9e. Vous s\u00e9journez au calme dans un des trois appartements ind\u00e9pendants, confortables, cuisine \u00e9quip\u00e9e et terrasses am\u00e9nag\u00e9es avec vue sur le parc, la montagne et le golfe de Saint-Florent, village (tous commerces et loisirs) se trouvant \u00e0 2 mn \u00e0 pied. Acc\u00e8s direct \u00e0 la mer Appartements ind\u00e9pendants de 2 \u00e0 6 personnes<\/p>\n","protected":false},"author":5,"featured_media":0,"parent":0,"menu_order":0,"comment_status":"closed","ping_status":"closed","template":"","meta":{"ngg_post_thumbnail":0,"footnotes":""},"class_list":["post-2","page","type-page","status-publish","hentry"],"_links":{"self":[{"href":"https:\/\/www.villa-imerli-location-corse.com\/location-saint-florent\/wp-json\/wp\/v2\/pages\/2"}],"collection":[{"href":"https:\/\/www.villa-imerli-location-corse.com\/location-saint-florent\/wp-json\/wp\/v2\/pages"}],"about":[{"href":"https:\/\/www.villa-imerli-location-corse.com\/location-saint-florent\/wp-json\/wp\/v2\/types\/page"}],"author":[{"embeddable":true,"href":"https:\/\/www.villa-imerli-location-corse.com\/location-saint-florent\/wp-json\/wp\/v2\/users\/5"}],"replies":[{"embeddable":true,"href":"https:\/\/www.villa-imerli-location-corse.com\/location-saint-florent\/wp-json\/wp\/v2\/comments?post=2"}],"version-history":[{"count":15,"href":"https:\/\/www.villa-imerli-location-corse.com\/location-saint-florent\/wp-json\/wp\/v2\/pages\/2\/revisions"}],"predecessor-version":[{"id":2925,"href":"https:\/\/www.villa-imerli-location-corse.com\/location-saint-florent\/wp-json\/wp\/v2\/pages\/2\/revisions\/2925"}],"wp:attachment":[{"href":"https:\/\/www.villa-imerli-location-corse.com\/location-saint-florent\/wp-json\/wp\/v2\/media?parent=2"}],"curies":[{"name":"wp","href":"https:\/\/api.w.org\/{rel}","templated":true}]}}