{"id":5,"date":"2014-10-27T08:02:32","date_gmt":"2014-10-27T07:02:32","guid":{"rendered":"http:\/\/www.villa-imerli-location-corse.com\/location-saint-florent\/?page_id=5"},"modified":"2015-05-06T15:58:44","modified_gmt":"2015-05-06T14:58:44","slug":"localisation","status":"publish","type":"page","link":"https:\/\/www.villa-imerli-location-corse.com\/location-saint-florent\/localisation","title":{"rendered":"Localisation"},"content":{"rendered":"<p><img loading=\"lazy\" decoding=\"async\" class=\"aligncenter wp-image-2798 size-full\" src=\"http:\/\/www.villa-imerli-location-corse.com\/location-saint-florent\/wp-content\/uploads\/2014\/10\/localisation.jpg\" alt=\"localisation\" width=\"660\" height=\"350\" srcset=\"https:\/\/www.villa-imerli-location-corse.com\/location-saint-florent\/wp-content\/uploads\/2014\/10\/localisation.jpg 660w, https:\/\/www.villa-imerli-location-corse.com\/location-saint-florent\/wp-content\/uploads\/2014\/10\/localisation-300x159.jpg 300w\" sizes=\"(max-width: 660px) 100vw, 660px\" \/><\/p>\n<p><strong>L<\/strong>a Villa \u00a0\u00bb I Merli\u00a0\u00bb est \u00e0 2 mn \u00e0 pied du centre de Saint-Florent, charmant port de p\u00eache du Nebbiu.<br \/>\nVous y d\u00e9couvrirez ses pittoresques ruelles, son port de plaisance, sa citadelle g\u00e9noise, son \u00e9glise St-Anne de style baroque et sa cath\u00e9drale Santa maria Assunta de style romano-pisan.<br \/>\n<strong>S<\/strong>on golfe est bord\u00e9 par le Cap Corse et ses c\u00f4tes escarp\u00e9es au nord, par le d\u00e9sert des Agriate, ses criques et ses plages de sable blanc \u00e0 l&rsquo;Ouest.<\/p>\n<p><strong>V<\/strong>ous pourrez y pratiquer de nombreuses activit\u00e9s: natation, jet ski, kayak de mer, voile, ski nautique, p\u00eache, plong\u00e9e sous marine, tennis, parapente, \u00e9quitation, vtt, quad&#8230;<br \/>\n<strong>S<\/strong>ans oublier les randonn\u00e9es, visites, excursions o\u00f9 vous rencontrerez la Corse et ses magnifiques paysages, vous go\u00fbterez sa gastronomie locale et d\u00e9couvrirez ses chants ancestraux et autres activit\u00e9s culturelles.<\/p>\n<p><!-- index.php -->\n<div\n\tclass=\"ngg-galleryoverview\n\t ngg-ajax-pagination-none\t\"\n\tid=\"ngg-gallery-394b4a22433d8f2c31f37e42e4ad45b8-1\">\n\n\t\t\t<!-- Thumbnails -->\n\t\t\t\t<div id=\"ngg-image-0\" class=\"ngg-gallery-thumbnail-box\" \n\t\t\t\t\t\t\t\t\t\t\t>\n\t\t\t\t\t\t<div class=\"ngg-gallery-thumbnail\">\n\t\t\t<a href=\"https:\/\/www.villa-imerli-location-corse.com\/location-saint-florent\/wp-content\/gallery\/localisation\/corse_gr.jpg\"\n\t\t\t\ttitle=\"\"\n\t\t\t\tdata-src=\"https:\/\/www.villa-imerli-location-corse.com\/location-saint-florent\/wp-content\/gallery\/localisation\/corse_gr.jpg\"\n\t\t\t\tdata-thumbnail=\"https:\/\/www.villa-imerli-location-corse.com\/location-saint-florent\/wp-content\/gallery\/localisation\/thumbs\/thumbs_corse_gr.jpg\"\n\t\t\t\tdata-image-id=\"28\"\n\t\t\t\tdata-title=\"corse_gr\"\n\t\t\t\tdata-description=\"\"\n\t\t\t\tdata-image-slug=\"corse_gr\"\n\t\t\t\tclass=\"ngg-fancybox\" rel=\"394b4a22433d8f2c31f37e42e4ad45b8\">\n\t\t\t\t<img\n\t\t\t\t\ttitle=\"corse_gr\"\n\t\t\t\t\talt=\"corse_gr\"\n\t\t\t\t\tsrc=\"https:\/\/www.villa-imerli-location-corse.com\/location-saint-florent\/wp-content\/gallery\/localisation\/thumbs\/thumbs_corse_gr.jpg\"\n\t\t\t\t\twidth=\"120\"\n\t\t\t\t\theight=\"90\"\n\t\t\t\t\tstyle=\"max-width:100%;\"\n\t\t\t\t\/>\n\t\t\t<\/a>\n\t\t<\/div>\n\t\t\t\t\t\t\t<\/div> \n\t\t\t\n\t\t\n\t\t\t\t<div id=\"ngg-image-1\" class=\"ngg-gallery-thumbnail-box\" \n\t\t\t\t\t\t\t\t\t\t\t>\n\t\t\t\t\t\t<div class=\"ngg-gallery-thumbnail\">\n\t\t\t<a href=\"https:\/\/www.villa-imerli-location-corse.com\/location-saint-florent\/wp-content\/gallery\/localisation\/plan_gr.jpg\"\n\t\t\t\ttitle=\" \"\n\t\t\t\tdata-src=\"https:\/\/www.villa-imerli-location-corse.com\/location-saint-florent\/wp-content\/gallery\/localisation\/plan_gr.jpg\"\n\t\t\t\tdata-thumbnail=\"https:\/\/www.villa-imerli-location-corse.com\/location-saint-florent\/wp-content\/gallery\/localisation\/thumbs\/thumbs_plan_gr.jpg\"\n\t\t\t\tdata-image-id=\"29\"\n\t\t\t\tdata-title=\"plan_gr\"\n\t\t\t\tdata-description=\" \"\n\t\t\t\tdata-image-slug=\"plan_gr\"\n\t\t\t\tclass=\"ngg-fancybox\" rel=\"394b4a22433d8f2c31f37e42e4ad45b8\">\n\t\t\t\t<img\n\t\t\t\t\ttitle=\"plan_gr\"\n\t\t\t\t\talt=\"plan_gr\"\n\t\t\t\t\tsrc=\"https:\/\/www.villa-imerli-location-corse.com\/location-saint-florent\/wp-content\/gallery\/localisation\/thumbs\/thumbs_plan_gr.jpg\"\n\t\t\t\t\twidth=\"120\"\n\t\t\t\t\theight=\"90\"\n\t\t\t\t\tstyle=\"max-width:100%;\"\n\t\t\t\t\/>\n\t\t\t<\/a>\n\t\t<\/div>\n\t\t\t\t\t\t\t<\/div> \n\t\t\t\n\t\t\n\t\t\n\t\t<!-- Pagination -->\n\t\t<div class='ngg-clear'><\/div>\t<\/div>\n<\/p>\n<p><strong>Coordonn\u00e9es GPS<\/strong><br \/>\n42\u00b040&rsquo;57.6&Prime;N<br \/>\n9\u00b018&rsquo;13.4&Prime;E<\/p>\n<p>&nbsp;<\/p>\n","protected":false},"excerpt":{"rendered":"<p>La Villa \u00a0\u00bb I Merli\u00a0\u00bb est \u00e0 2 mn \u00e0 pied du centre de Saint-Florent, charmant port de p\u00eache du Nebbiu. Vous y d\u00e9couvrirez ses pittoresques ruelles, son port de plaisance, sa citadelle g\u00e9noise, son \u00e9glise St-Anne de style baroque et sa cath\u00e9drale Santa maria Assunta de style romano-pisan. Son golfe est bord\u00e9 par le Cap Corse et ses c\u00f4tes escarp\u00e9es au nord, par le d\u00e9sert des Agriate, ses criques et ses plages de sable blanc \u00e0 l&rsquo;Ouest. Vous pourrez y pratiquer de nombreuses activit\u00e9s: natation, jet ski, kayak de mer, voile, ski nautique, p\u00eache, plong\u00e9e sous marine, tennis, parapente, \u00e9quitation, vtt, quad&#8230; Sans oublier les randonn\u00e9es, visites, excursions o\u00f9 vous rencontrerez la Corse et ses magnifiques paysages, vous go\u00fbterez sa gastronomie locale et d\u00e9couvrirez ses chants ancestraux et autres activit\u00e9s culturelles. Coordonn\u00e9es GPS 42\u00b040&rsquo;57.6&Prime;N 9\u00b018&rsquo;13.4&Prime;E &nbsp;<\/p>\n","protected":false},"author":5,"featured_media":0,"parent":0,"menu_order":0,"comment_status":"closed","ping_status":"closed","template":"","meta":{"ngg_post_thumbnail":0,"footnotes":""},"class_list":["post-5","page","type-page","status-publish","hentry"],"_links":{"self":[{"href":"https:\/\/www.villa-imerli-location-corse.com\/location-saint-florent\/wp-json\/wp\/v2\/pages\/5"}],"collection":[{"href":"https:\/\/www.villa-imerli-location-corse.com\/location-saint-florent\/wp-json\/wp\/v2\/pages"}],"about":[{"href":"https:\/\/www.villa-imerli-location-corse.com\/location-saint-florent\/wp-json\/wp\/v2\/types\/page"}],"author":[{"embeddable":true,"href":"https:\/\/www.villa-imerli-location-corse.com\/location-saint-florent\/wp-json\/wp\/v2\/users\/5"}],"replies":[{"embeddable":true,"href":"https:\/\/www.villa-imerli-location-corse.com\/location-saint-florent\/wp-json\/wp\/v2\/comments?post=5"}],"version-history":[{"count":15,"href":"https:\/\/www.villa-imerli-location-corse.com\/location-saint-florent\/wp-json\/wp\/v2\/pages\/5\/revisions"}],"predecessor-version":[{"id":2916,"href":"https:\/\/www.villa-imerli-location-corse.com\/location-saint-florent\/wp-json\/wp\/v2\/pages\/5\/revisions\/2916"}],"wp:attachment":[{"href":"https:\/\/www.villa-imerli-location-corse.com\/location-saint-florent\/wp-json\/wp\/v2\/media?parent=5"}],"curies":[{"name":"wp","href":"https:\/\/api.w.org\/{rel}","templated":true}]}}