{"id":9,"date":"2014-10-27T08:03:16","date_gmt":"2014-10-27T07:03:16","guid":{"rendered":"http:\/\/www.villa-imerli-location-corse.com\/location-saint-florent\/?page_id=9"},"modified":"2024-10-03T15:21:31","modified_gmt":"2024-10-03T14:21:31","slug":"tarifs-reservations","status":"publish","type":"page","link":"https:\/\/www.villa-imerli-location-corse.com\/location-saint-florent\/tarifs-reservations","title":{"rendered":"Tarifs &#038; R\u00e9servations"},"content":{"rendered":"<p>Arriv\u00e9e le Samedi \u00e0 partir de 16 h<br \/>\nD\u00e9part le Samedi 10h imp\u00e9rativement<\/p>\n<h2 style=\"text-align: center;\">Tarifs 2025<\/h2>\n<p>\n<table id=\"tablepress-1\" class=\"tablepress tablepress-id-1\">\n<thead>\n<tr class=\"row-1 odd\">\n\t<th class=\"column-1\">APPARTEMENTS<\/th><th class=\"column-2\">DU 01\/04 AU 19\/04<br \/>\nDU 18\/10 AU 31\/10<\/th><th class=\"column-3\">Du 19\/04 AU 24\/05<br \/>\nDU 20\/09 AU 18\/10<\/th><th class=\"column-4\">DU 24\/05 AU 28\/06<br \/>\nDU 23\/08 AU 20\/09<\/th><th class=\"column-5\">DU 28\/06 AU 23\/08<\/th>\n<\/tr>\n<\/thead>\n<tbody class=\"row-hover\">\n<tr class=\"row-2 even\">\n\t<td class=\"column-1\">CASTAGNICCIA**<br \/>\n2 \u00e0 4 personnes<\/td><td class=\"column-2\">460 \u20ac<\/td><td class=\"column-3\">565 \u20ac<\/td><td class=\"column-4\">755 \u20ac<\/td><td class=\"column-5\">980 \u20ac<\/td>\n<\/tr>\n<tr class=\"row-3 odd\">\n\t<td class=\"column-1\">AGRIATE**<br \/>\nJusqu'\u00e0 6 personnes<\/td><td class=\"column-2\">560 \u20ac<\/td><td class=\"column-3\">650 \u20ac<\/td><td class=\"column-4\">910 \u20ac<\/td><td class=\"column-5\">1 235 \u20ac<\/td>\n<\/tr>\n<\/tbody>\n<\/table>\n<!-- #tablepress-1 from cache --><br \/>\nEn saison 10 % de r\u00e9duction sur la 2 \u00e8me semaine cons\u00e9cutive.<br \/>\nTarifs d\u00e9gressifs suivant la p\u00e9riode et la dur\u00e9e du s\u00e9jour (Nous contacter).<\/p>\n<h4><span style=\"text-decoration: underline;\">Facultatif<\/span> :<\/h4>\n<p>&#8211; Nettoyage final : 50 \u20ac . Le coin cuisine n&rsquo;est pas compris.<br \/>\n&#8211; Location de draps : 12 \u20ac par lit<br \/>\n&#8211; Location linge de toilette : 8 \u20ac par personne<\/p>\n<h4><span style=\"text-decoration: underline;\">Cautions<\/span> :<\/h4>\n<p>Caution de 500 \u20ac \u00e0 l\u2019arriv\u00e9e et 1 ch\u00e8que de m\u00e9nage de 50 \u20ac restitu\u00e9s sous 8 jours.<\/p>\n<div class=\"divider\"><div class=\"scroll-top\"><\/div><\/div>\n<div style='clear:both; height:20px' ><\/div>\n<div class=\"wpsbc-container wpsbc-calendar-1\" data-id=\"1\" data-show_title=\"1\" data-show_legend=\"1\" data-legend_position=\"side\" data-show_button_navigation=\"1\" data-current_year=\"2026\" data-current_month=\"4\" data-language=\"fr\" data-min_width=\"200\" data-max_width=\"380\" ><h2>Disponibilit\u00e9s Villa I Merli<\/h2><div class=\"wpsbc-calendars-wrapper wpsbc-legend-position-side\"><div class=\"wpsbc-legend\"><div class=\"wpsbc-legend-item\"><div class=\"wpsbc-legend-item-icon wpsbc-legend-item-icon-1\" data-type=\"single\"><div class=\"wpsbc-legend-item-icon-color\" ><\/div><div class=\"wpsbc-legend-item-icon-color\" ><\/div><\/div><span class=wpsbc-legend-item-name>Available<\/span><\/div><div class=\"wpsbc-legend-item\"><div class=\"wpsbc-legend-item-icon wpsbc-legend-item-icon-2\" data-type=\"single\"><div class=\"wpsbc-legend-item-icon-color\" ><\/div><div class=\"wpsbc-legend-item-icon-color\" ><\/div><\/div><span class=wpsbc-legend-item-name>Booked<\/span><\/div><div class=\"wpsbc-legend-item\"><div class=\"wpsbc-legend-item-icon wpsbc-legend-item-icon-3\" data-type=\"single\"><div class=\"wpsbc-legend-item-icon-color\" ><\/div><div class=\"wpsbc-legend-item-icon-color\" ><\/div><\/div><span class=wpsbc-legend-item-name>Changeover<\/span><\/div><\/div><div class=\"wpsbc-calendars\"><div class=\"wpsbc-calendar\"><div class=\"wpsbc-calendar-header wpsbc-heading\"><div class=\"wpsbc-calendar-header-navigation\"><a href=\"#\" class=\"wpsbc-prev\"><span class=\"wpsbc-arrow\"><\/span><\/a><div class=\"wpsbc-select-container\"><select><option value=\"1768435200\" >Janvier 2026<\/option><option value=\"1771113600\" >F\u00e9vrier 2026<\/option><option value=\"1773532800\" >Mars 2026<\/option><option value=\"1776211200\"  selected='selected'>Avril 2026<\/option><option value=\"1778803200\" >Mai 2026<\/option><option value=\"1781481600\" >Juin 2026<\/option><option value=\"1784073600\" >Juillet 2026<\/option><option value=\"1786752000\" >Ao\u00fbt 2026<\/option><option value=\"1789430400\" >Septembre 2026<\/option><option value=\"1792022400\" >Octobre 2026<\/option><option value=\"1794700800\" >Novembre 2026<\/option><option value=\"1797292800\" >D\u00e9cembre 2026<\/option><option value=\"1799971200\" >Janvier 2027<\/option><option value=\"1802649600\" >F\u00e9vrier 2027<\/option><option value=\"1805068800\" >Mars 2027<\/option><option value=\"1807747200\" >Avril 2027<\/option><\/select><\/div><a href=\"#\" class=\"wpsbc-next\"><span class=\"wpsbc-arrow\"><\/span><\/a><\/div><\/div><div class=\"wpsbc-calendar-wrapper\"><table><thead><tr><th>L<\/th><th>M<\/th><th>M<\/th><th>J<\/th><th>V<\/th><th>S<\/th><th>D<\/th><\/tr><\/thead><tbody><tr><td><div class=\"wpsbc-date  wpsbc-gap\" ><div class=\"wpsbc-date-inner\"><\/div><\/div><\/td><td><div class=\"wpsbc-date  wpsbc-gap\" ><div class=\"wpsbc-date-inner\"><\/div><\/div><\/td><td><div class=\"wpsbc-date wpsbc-legend-item-1 \" data-year=\"2026\" data-month=\"4\" data-day=\"1\"><div class=\"wpsbc-legend-item-icon wpsbc-legend-item-icon-1\" data-type=\"single\"><div class=\"wpsbc-legend-item-icon-color\" ><\/div><div class=\"wpsbc-legend-item-icon-color\" ><\/div><\/div><div class=\"wpsbc-date-inner\"><span class=\"wpsbc-date-number\">1<\/span><\/div><\/div><\/td><td><div class=\"wpsbc-date wpsbc-legend-item-1 \" data-year=\"2026\" data-month=\"4\" data-day=\"2\"><div class=\"wpsbc-legend-item-icon wpsbc-legend-item-icon-1\" data-type=\"single\"><div class=\"wpsbc-legend-item-icon-color\" ><\/div><div class=\"wpsbc-legend-item-icon-color\" ><\/div><\/div><div class=\"wpsbc-date-inner\"><span class=\"wpsbc-date-number\">2<\/span><\/div><\/div><\/td><td><div class=\"wpsbc-date wpsbc-legend-item-1 \" data-year=\"2026\" data-month=\"4\" data-day=\"3\"><div class=\"wpsbc-legend-item-icon wpsbc-legend-item-icon-1\" data-type=\"single\"><div class=\"wpsbc-legend-item-icon-color\" ><\/div><div class=\"wpsbc-legend-item-icon-color\" ><\/div><\/div><div class=\"wpsbc-date-inner\"><span class=\"wpsbc-date-number\">3<\/span><\/div><\/div><\/td><td><div class=\"wpsbc-date wpsbc-legend-item-1 \" data-year=\"2026\" data-month=\"4\" data-day=\"4\"><div class=\"wpsbc-legend-item-icon wpsbc-legend-item-icon-1\" data-type=\"single\"><div class=\"wpsbc-legend-item-icon-color\" ><\/div><div class=\"wpsbc-legend-item-icon-color\" ><\/div><\/div><div class=\"wpsbc-date-inner\"><span class=\"wpsbc-date-number\">4<\/span><\/div><\/div><\/td><td><div class=\"wpsbc-date wpsbc-legend-item-1 \" data-year=\"2026\" data-month=\"4\" data-day=\"5\"><div class=\"wpsbc-legend-item-icon wpsbc-legend-item-icon-1\" data-type=\"single\"><div class=\"wpsbc-legend-item-icon-color\" ><\/div><div class=\"wpsbc-legend-item-icon-color\" ><\/div><\/div><div class=\"wpsbc-date-inner\"><span class=\"wpsbc-date-number\">5<\/span><\/div><\/div><\/td><\/tr><tr><td><div class=\"wpsbc-date wpsbc-legend-item-1 \" data-year=\"2026\" data-month=\"4\" data-day=\"6\"><div class=\"wpsbc-legend-item-icon wpsbc-legend-item-icon-1\" data-type=\"single\"><div class=\"wpsbc-legend-item-icon-color\" ><\/div><div class=\"wpsbc-legend-item-icon-color\" ><\/div><\/div><div class=\"wpsbc-date-inner\"><span class=\"wpsbc-date-number\">6<\/span><\/div><\/div><\/td><td><div class=\"wpsbc-date wpsbc-legend-item-1 \" data-year=\"2026\" data-month=\"4\" data-day=\"7\"><div class=\"wpsbc-legend-item-icon wpsbc-legend-item-icon-1\" data-type=\"single\"><div class=\"wpsbc-legend-item-icon-color\" ><\/div><div class=\"wpsbc-legend-item-icon-color\" ><\/div><\/div><div class=\"wpsbc-date-inner\"><span class=\"wpsbc-date-number\">7<\/span><\/div><\/div><\/td><td><div class=\"wpsbc-date wpsbc-legend-item-1 \" data-year=\"2026\" data-month=\"4\" data-day=\"8\"><div class=\"wpsbc-legend-item-icon wpsbc-legend-item-icon-1\" data-type=\"single\"><div class=\"wpsbc-legend-item-icon-color\" ><\/div><div class=\"wpsbc-legend-item-icon-color\" ><\/div><\/div><div class=\"wpsbc-date-inner\"><span class=\"wpsbc-date-number\">8<\/span><\/div><\/div><\/td><td><div class=\"wpsbc-date wpsbc-legend-item-1 \" data-year=\"2026\" data-month=\"4\" data-day=\"9\"><div class=\"wpsbc-legend-item-icon wpsbc-legend-item-icon-1\" data-type=\"single\"><div class=\"wpsbc-legend-item-icon-color\" ><\/div><div class=\"wpsbc-legend-item-icon-color\" ><\/div><\/div><div class=\"wpsbc-date-inner\"><span class=\"wpsbc-date-number\">9<\/span><\/div><\/div><\/td><td><div class=\"wpsbc-date wpsbc-legend-item-1 \" data-year=\"2026\" data-month=\"4\" data-day=\"10\"><div class=\"wpsbc-legend-item-icon wpsbc-legend-item-icon-1\" data-type=\"single\"><div class=\"wpsbc-legend-item-icon-color\" ><\/div><div class=\"wpsbc-legend-item-icon-color\" ><\/div><\/div><div class=\"wpsbc-date-inner\"><span class=\"wpsbc-date-number\">10<\/span><\/div><\/div><\/td><td><div class=\"wpsbc-date wpsbc-legend-item-1 \" data-year=\"2026\" data-month=\"4\" data-day=\"11\"><div class=\"wpsbc-legend-item-icon wpsbc-legend-item-icon-1\" data-type=\"single\"><div class=\"wpsbc-legend-item-icon-color\" ><\/div><div class=\"wpsbc-legend-item-icon-color\" ><\/div><\/div><div class=\"wpsbc-date-inner\"><span class=\"wpsbc-date-number\">11<\/span><\/div><\/div><\/td><td><div class=\"wpsbc-date wpsbc-legend-item-1 \" data-year=\"2026\" data-month=\"4\" data-day=\"12\"><div class=\"wpsbc-legend-item-icon wpsbc-legend-item-icon-1\" data-type=\"single\"><div class=\"wpsbc-legend-item-icon-color\" ><\/div><div class=\"wpsbc-legend-item-icon-color\" ><\/div><\/div><div class=\"wpsbc-date-inner\"><span class=\"wpsbc-date-number\">12<\/span><\/div><\/div><\/td><\/tr><tr><td><div class=\"wpsbc-date wpsbc-legend-item-1 \" data-year=\"2026\" data-month=\"4\" data-day=\"13\"><div class=\"wpsbc-legend-item-icon wpsbc-legend-item-icon-1\" data-type=\"single\"><div class=\"wpsbc-legend-item-icon-color\" ><\/div><div class=\"wpsbc-legend-item-icon-color\" ><\/div><\/div><div class=\"wpsbc-date-inner\"><span class=\"wpsbc-date-number\">13<\/span><\/div><\/div><\/td><td><div class=\"wpsbc-date wpsbc-legend-item-1 \" data-year=\"2026\" data-month=\"4\" data-day=\"14\"><div class=\"wpsbc-legend-item-icon wpsbc-legend-item-icon-1\" data-type=\"single\"><div class=\"wpsbc-legend-item-icon-color\" ><\/div><div class=\"wpsbc-legend-item-icon-color\" ><\/div><\/div><div class=\"wpsbc-date-inner\"><span class=\"wpsbc-date-number\">14<\/span><\/div><\/div><\/td><td><div class=\"wpsbc-date wpsbc-legend-item-1 \" data-year=\"2026\" data-month=\"4\" data-day=\"15\"><div class=\"wpsbc-legend-item-icon wpsbc-legend-item-icon-1\" data-type=\"single\"><div class=\"wpsbc-legend-item-icon-color\" ><\/div><div class=\"wpsbc-legend-item-icon-color\" ><\/div><\/div><div class=\"wpsbc-date-inner\"><span class=\"wpsbc-date-number\">15<\/span><\/div><\/div><\/td><td><div class=\"wpsbc-date wpsbc-legend-item-1 \" data-year=\"2026\" data-month=\"4\" data-day=\"16\"><div class=\"wpsbc-legend-item-icon wpsbc-legend-item-icon-1\" data-type=\"single\"><div class=\"wpsbc-legend-item-icon-color\" ><\/div><div class=\"wpsbc-legend-item-icon-color\" ><\/div><\/div><div class=\"wpsbc-date-inner\"><span class=\"wpsbc-date-number\">16<\/span><\/div><\/div><\/td><td><div class=\"wpsbc-date wpsbc-legend-item-1 \" data-year=\"2026\" data-month=\"4\" data-day=\"17\"><div class=\"wpsbc-legend-item-icon wpsbc-legend-item-icon-1\" data-type=\"single\"><div class=\"wpsbc-legend-item-icon-color\" ><\/div><div class=\"wpsbc-legend-item-icon-color\" ><\/div><\/div><div class=\"wpsbc-date-inner\"><span class=\"wpsbc-date-number\">17<\/span><\/div><\/div><\/td><td><div class=\"wpsbc-date wpsbc-legend-item-1 \" data-year=\"2026\" data-month=\"4\" data-day=\"18\"><div class=\"wpsbc-legend-item-icon wpsbc-legend-item-icon-1\" data-type=\"single\"><div class=\"wpsbc-legend-item-icon-color\" ><\/div><div class=\"wpsbc-legend-item-icon-color\" ><\/div><\/div><div class=\"wpsbc-date-inner\"><span class=\"wpsbc-date-number\">18<\/span><\/div><\/div><\/td><td><div class=\"wpsbc-date wpsbc-legend-item-1 \" data-year=\"2026\" data-month=\"4\" data-day=\"19\"><div class=\"wpsbc-legend-item-icon wpsbc-legend-item-icon-1\" data-type=\"single\"><div class=\"wpsbc-legend-item-icon-color\" ><\/div><div class=\"wpsbc-legend-item-icon-color\" ><\/div><\/div><div class=\"wpsbc-date-inner\"><span class=\"wpsbc-date-number\">19<\/span><\/div><\/div><\/td><\/tr><tr><td><div class=\"wpsbc-date wpsbc-legend-item-1 \" data-year=\"2026\" data-month=\"4\" data-day=\"20\"><div class=\"wpsbc-legend-item-icon wpsbc-legend-item-icon-1\" data-type=\"single\"><div class=\"wpsbc-legend-item-icon-color\" ><\/div><div class=\"wpsbc-legend-item-icon-color\" ><\/div><\/div><div class=\"wpsbc-date-inner\"><span class=\"wpsbc-date-number\">20<\/span><\/div><\/div><\/td><td><div class=\"wpsbc-date wpsbc-legend-item-1 \" data-year=\"2026\" data-month=\"4\" data-day=\"21\"><div class=\"wpsbc-legend-item-icon wpsbc-legend-item-icon-1\" data-type=\"single\"><div class=\"wpsbc-legend-item-icon-color\" ><\/div><div class=\"wpsbc-legend-item-icon-color\" ><\/div><\/div><div class=\"wpsbc-date-inner\"><span class=\"wpsbc-date-number\">21<\/span><\/div><\/div><\/td><td><div class=\"wpsbc-date wpsbc-legend-item-1 \" data-year=\"2026\" data-month=\"4\" data-day=\"22\"><div class=\"wpsbc-legend-item-icon wpsbc-legend-item-icon-1\" data-type=\"single\"><div class=\"wpsbc-legend-item-icon-color\" ><\/div><div class=\"wpsbc-legend-item-icon-color\" ><\/div><\/div><div class=\"wpsbc-date-inner\"><span class=\"wpsbc-date-number\">22<\/span><\/div><\/div><\/td><td><div class=\"wpsbc-date wpsbc-legend-item-1 \" data-year=\"2026\" data-month=\"4\" data-day=\"23\"><div class=\"wpsbc-legend-item-icon wpsbc-legend-item-icon-1\" data-type=\"single\"><div class=\"wpsbc-legend-item-icon-color\" ><\/div><div class=\"wpsbc-legend-item-icon-color\" ><\/div><\/div><div class=\"wpsbc-date-inner\"><span class=\"wpsbc-date-number\">23<\/span><\/div><\/div><\/td><td><div class=\"wpsbc-date wpsbc-legend-item-1 \" data-year=\"2026\" data-month=\"4\" data-day=\"24\"><div class=\"wpsbc-legend-item-icon wpsbc-legend-item-icon-1\" data-type=\"single\"><div class=\"wpsbc-legend-item-icon-color\" ><\/div><div class=\"wpsbc-legend-item-icon-color\" ><\/div><\/div><div class=\"wpsbc-date-inner\"><span class=\"wpsbc-date-number\">24<\/span><\/div><\/div><\/td><td><div class=\"wpsbc-date wpsbc-legend-item-1 \" data-year=\"2026\" data-month=\"4\" data-day=\"25\"><div class=\"wpsbc-legend-item-icon wpsbc-legend-item-icon-1\" data-type=\"single\"><div class=\"wpsbc-legend-item-icon-color\" ><\/div><div class=\"wpsbc-legend-item-icon-color\" ><\/div><\/div><div class=\"wpsbc-date-inner\"><span class=\"wpsbc-date-number\">25<\/span><\/div><\/div><\/td><td><div class=\"wpsbc-date wpsbc-legend-item-1 \" data-year=\"2026\" data-month=\"4\" data-day=\"26\"><div class=\"wpsbc-legend-item-icon wpsbc-legend-item-icon-1\" data-type=\"single\"><div class=\"wpsbc-legend-item-icon-color\" ><\/div><div class=\"wpsbc-legend-item-icon-color\" ><\/div><\/div><div class=\"wpsbc-date-inner\"><span class=\"wpsbc-date-number\">26<\/span><\/div><\/div><\/td><\/tr><tr><td><div class=\"wpsbc-date wpsbc-legend-item-1 \" data-year=\"2026\" data-month=\"4\" data-day=\"27\"><div class=\"wpsbc-legend-item-icon wpsbc-legend-item-icon-1\" data-type=\"single\"><div class=\"wpsbc-legend-item-icon-color\" ><\/div><div class=\"wpsbc-legend-item-icon-color\" ><\/div><\/div><div class=\"wpsbc-date-inner\"><span class=\"wpsbc-date-number\">27<\/span><\/div><\/div><\/td><td><div class=\"wpsbc-date wpsbc-legend-item-1 \" data-year=\"2026\" data-month=\"4\" data-day=\"28\"><div class=\"wpsbc-legend-item-icon wpsbc-legend-item-icon-1\" data-type=\"single\"><div class=\"wpsbc-legend-item-icon-color\" ><\/div><div class=\"wpsbc-legend-item-icon-color\" ><\/div><\/div><div class=\"wpsbc-date-inner\"><span class=\"wpsbc-date-number\">28<\/span><\/div><\/div><\/td><td><div class=\"wpsbc-date wpsbc-legend-item-1 \" data-year=\"2026\" data-month=\"4\" data-day=\"29\"><div class=\"wpsbc-legend-item-icon wpsbc-legend-item-icon-1\" data-type=\"single\"><div class=\"wpsbc-legend-item-icon-color\" ><\/div><div class=\"wpsbc-legend-item-icon-color\" ><\/div><\/div><div class=\"wpsbc-date-inner\"><span class=\"wpsbc-date-number\">29<\/span><\/div><\/div><\/td><td><div class=\"wpsbc-date wpsbc-legend-item-1 \" data-year=\"2026\" data-month=\"4\" data-day=\"30\"><div class=\"wpsbc-legend-item-icon wpsbc-legend-item-icon-1\" data-type=\"single\"><div class=\"wpsbc-legend-item-icon-color\" ><\/div><div class=\"wpsbc-legend-item-icon-color\" ><\/div><\/div><div class=\"wpsbc-date-inner\"><span class=\"wpsbc-date-number\">30<\/span><\/div><\/div><\/td><td><div class=\"wpsbc-date  wpsbc-gap\" ><div class=\"wpsbc-date-inner\"><\/div><\/div><\/td><td><div class=\"wpsbc-date  wpsbc-gap\" ><div class=\"wpsbc-date-inner\"><\/div><\/div><\/td><td><div class=\"wpsbc-date  wpsbc-gap\" ><div class=\"wpsbc-date-inner\"><\/div><\/div><\/td><\/tr><\/tbody><\/table><\/div><\/div><\/div><\/div><style>.wpsbc-container.wpsbc-calendar-1 .wpsbc-legend-item-icon-1 div:first-of-type { background-color: #ddffcc; }.wpsbc-container.wpsbc-calendar-1 .wpsbc-legend-item-icon-1 div:nth-of-type(2) { background-color: transparent; }.wpsbc-container.wpsbc-calendar-1 .wpsbc-legend-item-icon-1 div:first-of-type svg { fill: #ddffcc; }.wpsbc-container.wpsbc-calendar-1 .wpsbc-legend-item-icon-1 div:nth-of-type(2) svg { fill: transparent; }.wpsbc-container.wpsbc-calendar-1 .wpsbc-legend-item-icon-2 div:first-of-type { background-color: #ffc0bd; }.wpsbc-container.wpsbc-calendar-1 .wpsbc-legend-item-icon-2 div:nth-of-type(2) { background-color: transparent; }.wpsbc-container.wpsbc-calendar-1 .wpsbc-legend-item-icon-2 div:first-of-type svg { fill: #ffc0bd; }.wpsbc-container.wpsbc-calendar-1 .wpsbc-legend-item-icon-2 div:nth-of-type(2) svg { fill: transparent; }.wpsbc-container.wpsbc-calendar-1 .wpsbc-legend-item-icon-3 div:first-of-type { background-color: #fee2a0; }.wpsbc-container.wpsbc-calendar-1 .wpsbc-legend-item-icon-3 div:nth-of-type(2) { background-color: transparent; }.wpsbc-container.wpsbc-calendar-1 .wpsbc-legend-item-icon-3 div:first-of-type svg { fill: #fee2a0; }.wpsbc-container.wpsbc-calendar-1 .wpsbc-legend-item-icon-3 div:nth-of-type(2) svg { fill: transparent; }<\/style><div class=\"wpsbc-container-loaded\" data-just-loaded=\"1\"><\/div><\/div>\n<div class=\"divider\"><div class=\"scroll-top\"><\/div><\/div>\n<div style='clear:both; height:20px' ><\/div>\n<ul class='gdl-accordion'>\r\n<li class='gdl-divider'><h2 class='accordion-head title-color gdl-title'><span class='accordion-head-image'><\/span>Conditions de Location :<\/h2><div class='accordion-content'><p><strong>Les prix sont nets.<\/strong><br \/>\n<em>Ils comprennent:<\/em> La taxe de s\u00e9jour, l&rsquo;eau, l&rsquo;\u00e9lectricit\u00e9, le gaz, la climatisation, le parking, le chauffage l&rsquo;hiver.<br \/>\nL&rsquo;occupation du local est pr\u00e9vue Imp\u00e9rativement du Samedi 16 heures le jour de l&rsquo;arriv\u00e9e jusqu&rsquo;au samedi 10 heures le jour du d\u00e9part.<br \/>\nArrhes: 30% \u00e0 la r\u00e9servation &#8211; Solde et la caution de 500 \u20ac \u00e0 l&rsquo;arriv\u00e9e.<br \/>\n<em>R\u00e9servation:<\/em> Les r\u00e9servations t\u00e9l\u00e9phoniques non confirm\u00e9es dans les 8 jours seront annul\u00e9es.<br \/>\n&#8211; Aucune remise ne sera consentie pour arriv\u00e9e retard\u00e9e ou d\u00e9part pr\u00e9matur\u00e9.<br \/>\n&#8211; Annulation de r\u00e9servation : Toutes les arrhes vers\u00e9es restent d\u00e9finitivement acquises.<br \/>\n&#8211; D\u00e8s r\u00e9ception de votre contrat de location et des arrhes, nous vous adresserons notre accus\u00e9 de r\u00e9ception.<br \/>\n<strong>Les animaux ne sont pas accept\u00e9s.<\/strong><\/p>\n<\/div><\/li>\r\n\r\n<li class='gdl-divider'><h2 class='accordion-head title-color gdl-title'><span class='accordion-head-image'><\/span>Nous mettons \u00e0 votre Disposition: <\/h2><div class='accordion-content'><p>&#8211; Une buanderie commune.<br \/>\n&#8211; Dans le jardin: 1 table de ping-pong, un portique, 1 aire de p\u00e9tanque et quelques chaises longues sur la pelouse pour la sieste ou les bains de soleil.<br \/>\n&#8211; Un cabanon dans le jardin pour entreposer le mat\u00e9riel de plage.<br \/>\n&#8211; 1 douche et plusieurs robinets d&rsquo;eau sont install\u00e9s dans le parc.<br \/>\n&#8211; 2 parkings sont pr\u00e9vus dans la propri\u00e9t\u00e9. (1 v\u00e9hicule par appartement).<br \/>\n&#8211; Les enfants peuvent jouer dans le jardin et utiliser le portique Nous vous demandons de leur faire respecter les plantations et de ne pas les laisser sans surveillance.<br \/>\nNous nous d\u00e9gageons de toutes responsabilit\u00e9!<\/p>\n<\/div><\/li>\r\n<\/ul>\n","protected":false},"excerpt":{"rendered":"<p>Arriv\u00e9e le Samedi \u00e0 partir de 16 h D\u00e9part le Samedi 10h imp\u00e9rativement Tarifs 2025 En saison 10 % de r\u00e9duction sur la 2 \u00e8me semaine cons\u00e9cutive. Tarifs d\u00e9gressifs suivant la p\u00e9riode et la dur\u00e9e du s\u00e9jour (Nous contacter). Facultatif : &#8211; Nettoyage final : 50 \u20ac . Le coin cuisine n&rsquo;est pas compris. &#8211; Location de draps : 12 \u20ac par lit &#8211; Location linge de toilette : 8 \u20ac par personne Cautions : Caution de 500 \u20ac \u00e0 l\u2019arriv\u00e9e et 1 ch\u00e8que de m\u00e9nage de 50 \u20ac restitu\u00e9s sous 8 jours.<\/p>\n","protected":false},"author":5,"featured_media":0,"parent":0,"menu_order":0,"comment_status":"closed","ping_status":"closed","template":"","meta":{"ngg_post_thumbnail":0,"footnotes":""},"class_list":["post-9","page","type-page","status-publish","hentry"],"_links":{"self":[{"href":"https:\/\/www.villa-imerli-location-corse.com\/location-saint-florent\/wp-json\/wp\/v2\/pages\/9"}],"collection":[{"href":"https:\/\/www.villa-imerli-location-corse.com\/location-saint-florent\/wp-json\/wp\/v2\/pages"}],"about":[{"href":"https:\/\/www.villa-imerli-location-corse.com\/location-saint-florent\/wp-json\/wp\/v2\/types\/page"}],"author":[{"embeddable":true,"href":"https:\/\/www.villa-imerli-location-corse.com\/location-saint-florent\/wp-json\/wp\/v2\/users\/5"}],"replies":[{"embeddable":true,"href":"https:\/\/www.villa-imerli-location-corse.com\/location-saint-florent\/wp-json\/wp\/v2\/comments?post=9"}],"version-history":[{"count":43,"href":"https:\/\/www.villa-imerli-location-corse.com\/location-saint-florent\/wp-json\/wp\/v2\/pages\/9\/revisions"}],"predecessor-version":[{"id":3177,"href":"https:\/\/www.villa-imerli-location-corse.com\/location-saint-florent\/wp-json\/wp\/v2\/pages\/9\/revisions\/3177"}],"wp:attachment":[{"href":"https:\/\/www.villa-imerli-location-corse.com\/location-saint-florent\/wp-json\/wp\/v2\/media?parent=9"}],"curies":[{"name":"wp","href":"https:\/\/api.w.org\/{rel}","templated":true}]}}